{"id":184,"date":"2016-03-06T12:14:39","date_gmt":"2016-03-06T10:14:39","guid":{"rendered":"http:\/\/farmin.projeniyaptir.com\/?page_id=184"},"modified":"2016-03-18T20:06:50","modified_gmt":"2016-03-18T18:06:50","slug":"farmin-tam-bugday-taneli-fare-zehri","status":"publish","type":"page","link":"http:\/\/farmin.com.tr\/tr\/farmin-tam-bugday-taneli-fare-zehri\/","title":{"rendered":"Farmin Tam Bu\u011fday Taneli Fare Zehri"},"content":{"rendered":"<p>Farmin Fare Zehri Difenacoum %0.005(w\/w) &amp; Denatonium Benzoate %0.001(w\/w) i\u00e7erir.<\/p>\n<p>Fare ve s\u0131\u00e7an m\u00fccadelesinde; fare ve s\u0131\u00e7an g\u00f6r\u00fclen kapal\u0131 alan ve mesken \u00e7evresinde fare i\u00e7in 3-5 m aral\u0131klarla 20gr k\u00fcmeler halinde, s\u0131\u00e7an i\u00e7in 5-10 m aral\u0131klarla 50gr k\u00fcmeler halinde g\u00f6r\u00fclen yeralt\u0131 yuvalar\u0131 duvar boyu ge\u00e7itler ayak izi g\u00f6steren veya taze d\u0131\u015fk\u0131lar\u0131n bulundu\u011fu yerlere yem istasyonlar\u0131n\u0131n i\u00e7erisine koyularak kullan\u0131l\u0131r.<\/p>\n<p>Farmin Fare Zehri zararl\u0131n\u0131n kemirme ihtiyac\u0131n\u0131 kar\u015f\u0131layacak \u015fekilde tam bu\u011fday tane yeminden yap\u0131l\u0131r. \u0130\u00e7erdi\u011fi Difenacoum etken maddesi ile di\u011fer zehir t\u00fcrlerine kar\u015f\u0131 dayan\u0131kl\u0131 kemirgenler i\u00e7in 3g\u00fcn de kesin etkilidir. Form\u00fclasyonu sayesinde di\u011fer hayvanlar yemi yese dahi kusturma \u00f6zelli\u011fi mevcuttur.<\/p>\n<p>Farmin\u00ae Genel halk kullan\u0131m\u0131 i\u00e7in 125&#215;2=250 gr folyolarda kutulu ve<\/p>\n<p>Uzman personel kullan\u0131m\u0131 i\u00e7in: 10kg ve 20 kg kova ve kolilerde sat\u0131\u015fa sunulmaktad\u0131r.<\/p>\n","protected":false},"excerpt":{"rendered":"<p>Farmin Fare Zehri Difenacoum %0.005(w\/w) &amp; Denatonium Benzoate %0.001(w\/w) i\u00e7erir. Fare ve s\u0131\u00e7an m\u00fccadelesinde; fare ve s\u0131\u00e7an g\u00f6r\u00fclen kapal\u0131 alan ve mesken \u00e7evresinde fare i\u00e7in 3-5 [&hellip;]<\/p>\n","protected":false},"author":1,"featured_media":0,"parent":0,"menu_order":0,"comment_status":"open","ping_status":"open","template":"","meta":{"footnotes":""},"class_list":["post-184","page","type-page","status-publish","hentry"],"_links":{"self":[{"href":"http:\/\/farmin.com.tr\/tr\/wp-json\/wp\/v2\/pages\/184","targetHints":{"allow":["GET"]}}],"collection":[{"href":"http:\/\/farmin.com.tr\/tr\/wp-json\/wp\/v2\/pages"}],"about":[{"href":"http:\/\/farmin.com.tr\/tr\/wp-json\/wp\/v2\/types\/page"}],"author":[{"embeddable":true,"href":"http:\/\/farmin.com.tr\/tr\/wp-json\/wp\/v2\/users\/1"}],"replies":[{"embeddable":true,"href":"http:\/\/farmin.com.tr\/tr\/wp-json\/wp\/v2\/comments?post=184"}],"version-history":[{"count":1,"href":"http:\/\/farmin.com.tr\/tr\/wp-json\/wp\/v2\/pages\/184\/revisions"}],"predecessor-version":[{"id":185,"href":"http:\/\/farmin.com.tr\/tr\/wp-json\/wp\/v2\/pages\/184\/revisions\/185"}],"wp:attachment":[{"href":"http:\/\/farmin.com.tr\/tr\/wp-json\/wp\/v2\/media?parent=184"}],"curies":[{"name":"wp","href":"https:\/\/api.w.org\/{rel}","templated":true}]}}