{"id":132,"date":"2014-11-11T10:49:05","date_gmt":"2014-11-11T10:49:05","guid":{"rendered":"http:\/\/themes.muffingroup.com\/be\/furniture\/?page_id=2"},"modified":"2016-03-17T20:09:32","modified_gmt":"2016-03-17T18:09:32","slug":"home","status":"publish","type":"page","link":"http:\/\/farmin.com.tr\/tr\/","title":{"rendered":"Home"},"content":{"rendered":"<p><strong>Neden Farmin?<\/strong><\/p>\n<p><img decoding=\"async\" src=\"http:\/\/farmin.com.tr\/en\/wp-content\/uploads\/2016\/03\/okkey.png\" alt=\"Difenacoum \u0130htive Eder\" \/> Toplu olarak gezen fareler yem bulduklar\u0131nda aralar\u0131ndaki en ya\u015fl\u0131y\u0131 yemin tad\u0131na bakmak \u00fczere g\u00f6nderirler. Yemin zehirli olamd\u0131\u011f\u0131n\u0131 anlad\u0131klar\u0131nda hepsi birden o yemi g\u00fcvenli olarak g\u00f6r\u00fcrler ve periodik olarak yerler. <b>Difenacoum&#8217;lu FARM\u0130N, fare sorunu konusunda kesin \u00e7\u00f6z\u00fcme ula\u015fmak i\u00e7in an\u0131nda de\u011fil, 3 g\u00fcn i\u00e7erinde kesin etkisini g\u00f6sterir.<\/b><\/p>\n<p><img decoding=\"async\" src=\"http:\/\/farmin.com.tr\/en\/wp-content\/uploads\/2016\/03\/okkey.png\" alt=\"T\u00fcm Bu\u011fday Tenelidir\" \/> Farelerin doyma hisleri yoktur ve devaml\u0131 kemirme ihtiyac\u0131 hissederler. Bu y\u00fczden yem s\u00fcrekli olarak t\u00fcketilir. <b>FARM\u0130N t\u00fcm bu\u011fday taneleri ve \u00f6zel tatland\u0131r\u0131c\u0131lar kullanarak \u00fcretilir. Bu farelerin en sevdi\u011fi yem t\u00fcr\u00fcd\u00fcr \u00e7\u00fcnk\u00fc kemirme ihtiya\u00e7lar\u0131n\u0131 giderir. Bu sebepten dolay\u0131 az miktarda FARM\u0130N, toz veya toz i\u00e7eren (kemirilmesi zor) zehirden daha etkilir.<\/b><\/p>\n<p><img decoding=\"async\" src=\"http:\/\/farmin.com.tr\/en\/wp-content\/uploads\/2016\/03\/okkey.png\" alt=\"An\u0131nda Zehirlenerek \u00d6len Fare\" \/> An\u0131nda zehirlenerek \u00f6len fare koku yapar. <b>Difenacaum&#8217;um \u00f6zelli\u011fi farede i\u00e7 kanamaya sebep olarak susuzluk hissini uyand\u0131rmas\u0131d\u0131r. Dolay\u0131s\u0131yla devaml\u0131 su t\u00fcketir ve su kenarlar\u0131nda kuruyarak \u00f6l\u00fcr. Koku yapmaz.<\/b><\/p>\n<p>Neden Farmin?<\/p>\n<p><img decoding=\"async\" src=\"http:\/\/farmin.com.tr\/en\/wp-content\/uploads\/2016\/03\/okkey.png\" alt=\"Difenacoum \u0130htive Eder\" \/> Toplu olarak gezen fareler yem bulduklar\u0131nda aralar\u0131ndaki en ya\u015fl\u0131y\u0131 yemin tad\u0131na bakmak \u00fczere g\u00f6nderirler. Yemin zehirli olamd\u0131\u011f\u0131n\u0131 anlad\u0131klar\u0131nda hepsi birden o yemi g\u00fcvenli olarak g\u00f6r\u00fcrler ve periodik olarak yerler. <b>Difenacoum&#8217;lu FARM\u0130N, fare sorunu konusunda kesin \u00e7\u00f6z\u00fcme ula\u015fmak i\u00e7in an\u0131nda de\u011fil, 3 g\u00fcn i\u00e7erinde kesin etkisini g\u00f6sterir.<\/b><\/p>\n<p><img decoding=\"async\" src=\"http:\/\/farmin.com.tr\/en\/wp-content\/uploads\/2016\/03\/okkey.png\" alt=\"T\u00fcm Bu\u011fday Tenelidir\" \/> Farelerin doyma hisleri yoktur ve devaml\u0131 kemirme ihtiyac\u0131 hissederler. Bu y\u00fczden yem s\u00fcrekli olarak t\u00fcketilir. <b>FARM\u0130N t\u00fcm bu\u011fday taneleri ve \u00f6zel tatland\u0131r\u0131c\u0131lar kullanarak \u00fcretilir. Bu farelerin en sevdi\u011fi yem t\u00fcr\u00fcd\u00fcr \u00e7\u00fcnk\u00fc kemirme ihtiya\u00e7lar\u0131n\u0131 giderir. Bu sebepten dolay\u0131 az miktarda FARM\u0130N, toz veya toz i\u00e7eren (kemirilmesi zor) zehirden daha etkilir.<\/b><\/p>\n<p><img decoding=\"async\" src=\"http:\/\/farmin.com.tr\/en\/wp-content\/uploads\/2016\/03\/okkey.png\" alt=\"An\u0131nda Zehirlenerek \u00d6len Fare\" \/> An\u0131nda zehirlenerek \u00f6len fare koku yapar. <b>Difenacaum&#8217;um \u00f6zelli\u011fi farede i\u00e7 kanamaya sebep olarak susuzluk hissini uyand\u0131rmas\u0131d\u0131r. Dolay\u0131s\u0131yla devaml\u0131 su t\u00fcketir ve su kenarlar\u0131nda kuruyarak \u00f6l\u00fcr. Koku yapmaz.<\/b><\/p>\n<p><strong>Nas\u0131l Kullanmal\u0131?<\/strong><\/p>\n<p><img decoding=\"async\" src=\"http:\/\/farmin.com.tr\/en\/wp-content\/uploads\/2016\/03\/arrow.png\" alt=\"\" \/> FARM\u0130N fare zehiri ev farelerinde bir torban\u0131n \u00fc\u00e7te biri (~40gr), s\u0131\u00e7anlarda iki torba (~250gr) olarak uygulan\u0131r.<br \/>\n<img decoding=\"async\" src=\"http:\/\/farmin.com.tr\/en\/wp-content\/uploads\/2016\/03\/arrow.png\" alt=\"\" \/> Zehirli yem k\u00fcmelerini farelerin ge\u00e7ti\u011fi yerlere, deliklerin i\u00e7ine ve kapal\u0131, \u00f6rt\u00fcl\u00fc yerlere yerle\u015ftirin.<br \/>\n<img decoding=\"async\" src=\"http:\/\/farmin.com.tr\/en\/wp-content\/uploads\/2016\/03\/arrow.png\" alt=\"\" \/> Farelerin \u00e7ok g\u00f6r\u00fcld\u00fc\u011f\u00fc yerlere yem k\u00fcmelerini birer metre ara ile yerle\u015ftirin.<br \/>\n<img decoding=\"async\" src=\"http:\/\/farmin.com.tr\/en\/wp-content\/uploads\/2016\/03\/arrow.png\" alt=\"\" \/> Yemin havadan etkilenip bozulmamas\u0131 ve ba\u015fka hayvanlar taraf\u0131ndan yenmemesi i\u00e7in a\u00e7\u0131kta olan yemlerin \u00fczerini herhangi bir\u015fey ile \u00f6rt\u00fcn. Ayr\u0131ca farelerin kapal\u0131, tenha yerlerde daha rahat yediklerini unutmay\u0131n.<br \/>\n<img decoding=\"async\" src=\"http:\/\/farmin.com.tr\/en\/wp-content\/uploads\/2016\/03\/arrow.png\" alt=\"\" \/> Yemi naylon torbas\u0131na d\u00f6kerken elinize temas etmemesine \u00e7ok dikkat edin. Fareler bu konuda \u00e7ok hassast\u0131rlar ve insan kokusunu hemen alarak yemi yemekten \u00e7ekinirler.<br \/>\n<img decoding=\"async\" src=\"http:\/\/farmin.com.tr\/en\/wp-content\/uploads\/2016\/03\/arrow.png\" alt=\"\" \/> Yerle\u015ftirdi\u011finiz yemleri bir hafta sonra kontrol edin. Yenmi\u015f olan k\u00fcmeleri tekrar tamamlay\u0131n.<br \/>\n<img decoding=\"async\" src=\"http:\/\/farmin.com.tr\/en\/wp-content\/uploads\/2016\/03\/arrow.png\" alt=\"\" \/> Farelerin \u00e7ok g\u00f6r\u00fcld\u00fc\u011f\u00fc yerlerde kontrol s\u00fcresi art\u0131r\u0131larak haftada iki yada \u00fc\u00e7e \u00e7\u0131kar\u0131labilir.<br \/>\n<img decoding=\"async\" src=\"http:\/\/farmin.com.tr\/en\/wp-content\/uploads\/2016\/03\/arrow.png\" alt=\"\" \/> Kontrolde yemin tamam\u0131n\u0131n yendi\u011fini g\u00f6r\u00fcrseniz yem, var olan farelerin miktar\u0131na oranla, yetersiz kal\u0131yor demektir. Yem k\u00fcmelerini \u00e7o\u011falt\u0131n.<br \/>\n<img decoding=\"async\" src=\"http:\/\/farmin.com.tr\/en\/wp-content\/uploads\/2016\/03\/arrow.png\" alt=\"\" \/> E\u011fer hi\u00e7 yenmedi\u011fini g\u00f6r\u00fcrseniz yemi kald\u0131rmay\u0131n. Fareler yemleri hen\u00fcz ke\u015ffetmemei\u015f olabilirler.<br \/>\n<img decoding=\"async\" src=\"http:\/\/farmin.com.tr\/en\/wp-content\/uploads\/2016\/03\/arrow.png\" alt=\"\" \/> Yemin yenmesi durana kadar kontrollere devam edin. Farelerin kesin \u00f6ld\u00fc\u011f\u00fcne inanmadan yemleri kald\u0131rmay\u0131n.<br \/>\n<img decoding=\"async\" src=\"http:\/\/farmin.com.tr\/en\/wp-content\/uploads\/2016\/03\/arrow.png\" alt=\"\" \/> Uygulama sona erdi\u011finde fare \u00f6l\u00fcs\u00fc bulamayabilirsiniz. Bunun nedeni Difenacoum etken maddeli FARM\u0130N&#8217;i yiyen farelerin su i\u00e7me ihtiyac\u0131 duyarak su kenar\u0131na gitmeleri ve orada kuruyarak \u00f6lmeleridir.<\/p>\n<p>&nbsp;<\/p>\n<p><strong>Emniyet<\/strong><\/p>\n<p><img decoding=\"async\" src=\"http:\/\/farmin.com.tr\/en\/wp-content\/uploads\/2016\/03\/arrow.png\" alt=\"\" \/> \u00c7ocuklar\u0131, evcil hayvanlar\u0131 ve g\u0131da maddelerini koruyabilmek i\u00e7in, FARM\u0130N&#8217;i yerle\u015ftirdi\u011finizde \u00e7evrenizdekilere haber verin.<br \/>\n<img decoding=\"async\" src=\"http:\/\/farmin.com.tr\/en\/wp-content\/uploads\/2016\/03\/arrow.png\" alt=\"\" \/> Yem kaplar\u0131n\u0131n \u00fczerine &#8220;ZEH\u0130RL\u0130D\u0130R&#8221; yaz\u0131n veya herhangi bir tehlike i\u015fareti yap\u0131\u015ft\u0131r\u0131n.<br \/>\n<img decoding=\"async\" src=\"http:\/\/farmin.com.tr\/en\/wp-content\/uploads\/2016\/03\/arrow.png\" alt=\"\" \/> \u00d6l\u00fc veya canl\u0131 olsun farelere dokunurken su ge\u00e7irmez eldiven kullan\u0131n.<br \/>\n<img decoding=\"async\" src=\"http:\/\/farmin.com.tr\/en\/wp-content\/uploads\/2016\/03\/arrow.png\" alt=\"\" \/> Kemirilerden ge\u00e7en mikroplar \u00e7ok k\u00fc\u00e7\u00fck s\u0131yr\u0131klardan insan v\u00fccuduna ge\u00e7er. Fare taraf\u0131ndan \u0131s\u0131r\u0131lan derhal doktora ba\u015fvurmal\u0131d\u0131r.<br \/>\n<img decoding=\"async\" src=\"http:\/\/farmin.com.tr\/en\/wp-content\/uploads\/2016\/03\/arrow.png\" alt=\"\" \/> Zehiri \u00e7ocuklardan, g\u0131da maddelerinden, ev hayvanlar\u0131ndan uzak tutun.<br \/>\n<img decoding=\"async\" src=\"http:\/\/farmin.com.tr\/en\/wp-content\/uploads\/2016\/03\/arrow.png\" alt=\"\" \/> Kazaen zehirlenme oldu\u011funda derhal doktor \u00e7a\u011f\u0131r\u0131n yada en yak\u0131n sa\u011fl\u0131k kurulu\u015funa ba\u015fvurun.<\/p>\n<p>&nbsp;<\/p>\n<table style=\"height: 489px;\" border=\"0\" width=\"1336\" cellspacing=\"0\" cellpadding=\"0\">\n<tbody>\n<tr>\n<td valign=\"top\" width=\"300\"><strong>Fare \u00d6l\u00fcm\u00fc \u0130\u00e7in Gerekli Hammedde ve Dozlar\u0131<\/strong><\/p>\n<table style=\"height: 438px;\" border=\"1\" width=\"1104\" cellspacing=\"1\" cellpadding=\"2\">\n<tbody>\n<tr>\n<td><strong>Kemirici T\u00fcr\u00fc<\/strong><\/td>\n<td><strong>Zehir Hammaddesi (Anticoagulant)<\/strong><\/td>\n<td><strong>Gerekli Doz<\/strong><\/td>\n<\/tr>\n<tr>\n<td>Rattus Norvegius<br \/>\n(Adi s\u0131\u00e7an, La\u011f\u0131m faresi g\u00f6\u00e7men s\u0131\u00e7an\u0131)<\/td>\n<td>difenacoum<br \/>\nbromodiolone<br \/>\nwarfarin<\/td>\n<td>9.0<br \/>\n5.6<br \/>\n186.0<\/td>\n<\/tr>\n<tr>\n<td>Rattus Norvegius<br \/>\n(warfarin&#8217;e diren\u00e7li)<\/td>\n<td>difenacoum<br \/>\nbromodiolone<\/td>\n<td>17.1<br \/>\n64.5<\/td>\n<\/tr>\n<tr>\n<td>Mus Musculus<br \/>\n(Ev Faresi)<\/td>\n<td>difenacoum<br \/>\nbromodiolone<br \/>\nwarfarin<\/td>\n<td>0.4<br \/>\n0.9<br \/>\n37.0<\/td>\n<\/tr>\n<\/tbody>\n<\/table>\n<\/td>\n<\/tr>\n<\/tbody>\n<\/table>\n","protected":false},"excerpt":{"rendered":"<p>Neden Farmin? Toplu olarak gezen fareler yem bulduklar\u0131nda aralar\u0131ndaki en ya\u015fl\u0131y\u0131 yemin tad\u0131na bakmak \u00fczere g\u00f6nderirler. Yemin zehirli olamd\u0131\u011f\u0131n\u0131 anlad\u0131klar\u0131nda hepsi birden o yemi g\u00fcvenli olarak [&hellip;]<\/p>\n","protected":false},"author":1,"featured_media":0,"parent":0,"menu_order":0,"comment_status":"open","ping_status":"open","template":"","meta":{"footnotes":""},"class_list":["post-132","page","type-page","status-publish","hentry"],"_links":{"self":[{"href":"http:\/\/farmin.com.tr\/tr\/wp-json\/wp\/v2\/pages\/132","targetHints":{"allow":["GET"]}}],"collection":[{"href":"http:\/\/farmin.com.tr\/tr\/wp-json\/wp\/v2\/pages"}],"about":[{"href":"http:\/\/farmin.com.tr\/tr\/wp-json\/wp\/v2\/types\/page"}],"author":[{"embeddable":true,"href":"http:\/\/farmin.com.tr\/tr\/wp-json\/wp\/v2\/users\/1"}],"replies":[{"embeddable":true,"href":"http:\/\/farmin.com.tr\/tr\/wp-json\/wp\/v2\/comments?post=132"}],"version-history":[{"count":6,"href":"http:\/\/farmin.com.tr\/tr\/wp-json\/wp\/v2\/pages\/132\/revisions"}],"predecessor-version":[{"id":246,"href":"http:\/\/farmin.com.tr\/tr\/wp-json\/wp\/v2\/pages\/132\/revisions\/246"}],"wp:attachment":[{"href":"http:\/\/farmin.com.tr\/tr\/wp-json\/wp\/v2\/media?parent=132"}],"curies":[{"name":"wp","href":"https:\/\/api.w.org\/{rel}","templated":true}]}}